{"id":109,"date":"2024-03-06T19:44:45","date_gmt":"2024-03-06T19:44:45","guid":{"rendered":"https:\/\/photonica.solar\/?page_id=109"},"modified":"2026-02-09T16:13:25","modified_gmt":"2026-02-09T16:13:25","slug":"privacy-policy","status":"publish","type":"page","link":"https:\/\/photonica.solar\/pl\/privacy-policy\/","title":{"rendered":"Polityka prywatno\u015bci"},"content":{"rendered":"\n<p>W imieniu <strong><strong>PHOTONICA S.A.<\/strong><\/strong> informujemy, \u017ce ochrona Pa\u0144stwa danych osobowych jest dla nas bardzo wa\u017cna i&nbsp;dbamy o&nbsp;prywatno\u015b\u0107 wszystkich os\u00f3b korzystaj\u0105cych z&nbsp;naszych us\u0142ug.<\/p>\n\n\n\n<p>Zgodnie z Rozporz\u0105dzeniem Parlamentu Europejskiego i Rady (UE) 2016\/679 z dnia 27.04.2016 r. w&nbsp;sprawie ochrony os\u00f3b fizycznych w zwi\u0105zku z przetwarzaniem danych osobowych i&nbsp;w&nbsp;sprawie swobodnego przep\u0142ywu takich danych oraz uchylenia dyrektywy 95\/46\/WE (og\u00f3lne rozporz\u0105dzenie o&nbsp;ochronie danych) informujemy Pa\u0144stwa o&nbsp;kwestiach zwi\u0105zanych z&nbsp;przetwarzaniem danych osobowych.<\/p>\n\n\n\n<h2 class=\"wp-block-heading\">I. DEFINICJE<\/h2>\n\n\n\n<figure class=\"wp-block-table\"><table><tbody><tr><td><strong>Administrator<\/strong><\/td><td><strong>PHOTONICA S.A.<\/strong>\u00a0z siedzib\u0105 w Warszawie (adres: ul. Post\u0119pu 15, 02-676 Warszawa), wpisana do rejestru przedsi\u0119biorc\u00f3w Krajowego Rejestru S\u0105dowego prowadzonego przez S\u0105d Rejonowy dla m.st. Warszawy w Warszawie, XII Wydzia\u0142 Gospodarczy Krajowego Rejestru S\u0105dowego pod numerem KRS: 0000869153, posiadaj\u0105ca numer NIP: 5252843077 oraz REGON: 387554282, o kapitale zak\u0142adowym w wysoko\u015bci 100.000,00 z\u0142 (wp\u0142acony w ca\u0142o\u015bci);<\/td><\/tr><tr><td><strong><strong>Dane<\/strong><\/strong><\/td><td>Informacje o zidentyfikowanej lub mo\u017cliwej do&nbsp;zidentyfikowania osobie fizycznej. Mo\u017cliwa do&nbsp;zidentyfikowania osoba fizyczna to&nbsp;osoba, kt\u00f3r\u0105 mo\u017cna bezpo\u015brednio lub po\u015brednio zidentyfikowa\u0107, w&nbsp;szczeg\u00f3lno\u015bci na&nbsp;podstawie identyfikatora takiego jak imi\u0119 i&nbsp;nazwisko, numer identyfikacyjny, dane o lokalizacji lub identyfikator internetowy;<\/td><\/tr><tr><td><strong><strong>EOG<\/strong><\/strong><\/td><td>Europejski Obszar Gospodarczy, strefa obejmuj\u0105ce pa\u0144stwa Unii Europejskiej oraz Islandi\u0119, Lichtenstein i Norwegi\u0119;<\/td><\/tr><tr><td><strong><strong>Pliki Cookies<\/strong><\/strong><\/td><td>Niewielkie pliki zapisywane na urz\u0105dzeniu U\u017cytkownika podczas korzystania z Portalu;<\/td><\/tr><tr><td><strong><strong>Polityka Prywatno\u015bci<\/strong><\/strong><\/td><td>Niniejszy polityka prywatno\u015bci, okre\u015blaj\u0105ca zasady przetwarzania Danych;<\/td><\/tr><tr><td><strong>Portal<\/strong><\/td><td>Strona internetowa prowadzona przez Administratora, pod adresem photonica.solar;<\/td><\/tr><tr><td><strong><strong>RODO<\/strong><\/strong><\/td><td>Rozporz\u0105dzenie Parlamentu Europejskiego i Rady (UE) 2016\/679 z&nbsp;dnia 27 kwietnia 2016 r. w sprawie ochrony os\u00f3b fizycznych w&nbsp;zwi\u0105zku z&nbsp;przetwarzaniem danych osobowych i w sprawie swobodnego przep\u0142ywu takich danych oraz uchylenia dyrektywy 95\/46\/WE (og\u00f3lne rozporz\u0105dzenie o ochronie danych);<\/td><\/tr><tr><td><strong>UODO<\/strong><\/td><td>Urz\u0105d Ochrony Danych Osobowych \u2013 organ nadzorczy w rozumieniu RODO;<\/td><\/tr><tr><td><strong><strong>U\u017cytkownik<\/strong><\/strong><\/td><td>Osoba fizyczna korzystaj\u0105ca z Portalu, w tym pozostawiaj\u0105ca swoje dane do kontaktu.<\/td><\/tr><\/tbody><\/table><\/figure>\n\n\n\n<h2 class=\"wp-block-heading\">II. INFORMACJE PODSTAWOWE<\/h2>\n\n\n\n<p><strong><strong>Kontakt z Administratorem<\/strong><\/strong><\/p>\n\n\n\n<p>W sprawach zwi\u0105zanych z przetwarzaniem Danych, z Administratorem mo\u017cna kontaktowa\u0107 si\u0119:<\/p>\n\n\n\n<ol style=\"list-style-type:lower-alpha\" class=\"wp-block-list\">\n<li>elektronicznie, poprzez poczt\u0119 e-mail: gdpr@photonica.solar<\/li>\n\n\n\n<li>telefoniczne, pod numerem telefonu: +48 791 697 727<\/li>\n\n\n\n<li>korespondencyjnie, na adres siedziby Administratora.<\/li>\n<\/ol>\n\n\n\n<h2 class=\"wp-block-heading\">III. PRZETWARZANIE DANYCH<\/h2>\n\n\n\n<p><strong>Jakie Dane przetwarza Administrator?<\/strong><\/p>\n\n\n\n<p>Administrator mo\u017ce pozyskiwa\u0107 oraz przetwarza\u0107 m.in. nast\u0119puj\u0105ce rodzaje Danych i innych informacji, dotycz\u0105cych U\u017cytkownik\u00f3w:<\/p>\n\n\n\n<ol style=\"list-style-type:lower-alpha\" class=\"wp-block-list\">\n<li>imi\u0119 i nazwisko;<\/li>\n\n\n\n<li>adres e-mail;<\/li>\n\n\n\n<li>numer telefonu;<\/li>\n\n\n\n<li>dane o pracodawcy lub podmiocie, z kt\u00f3rym U\u017cytkownik wsp\u00f3\u0142pracuje.<\/li>\n<\/ol>\n\n\n\n<p><strong>W jakim celu i na jakiej podstawie Administrator przetwarza Dane?<\/strong><\/p>\n\n\n\n<p>Udost\u0119pnione przez U\u017cytkownik\u00f3w Dane mog\u0105 by\u0107 przetwarzane przez Administratora:<\/p>\n\n\n\n<ol style=\"list-style-type:lower-alpha\" class=\"wp-block-list\">\n<li>w celu zainicjowania kontaktu z U\u017cytkownikiem w zwi\u0105zku z wyra\u017ceniem takiej woli przez U\u017cytkownika (art. 6 ust. 1 lit. a RODO);<\/li>\n\n\n\n<li>w celu wype\u0142nienia obowi\u0105zk\u00f3w prawnych ci\u0105\u017c\u0105cych na Administratorze \u2013 (art. 6 ust. 1 lit. c RODO);<\/li>\n\n\n\n<li>w celach marketingowych realizowanych w interesie Administratora, Dane mog\u0105 by\u0107 wykorzystywane w zwi\u0105zku z promowaniem us\u0142ug i produkt\u00f3w Administratora (art.&nbsp;6&nbsp;ust. 1 lit.&nbsp;f&nbsp;RODO).<\/li>\n<\/ol>\n\n\n\n<p><strong><strong>Jak d\u0142ugo Dane b\u0119d\u0105 przetwarzane?<\/strong><\/strong><\/p>\n\n\n\n<p>Dane przetwarzane b\u0119d\u0105 przez okres niezb\u0119dny dla realizacji cel\u00f3w przetwarzania, nie d\u0142u\u017cszy jednak ni\u017c:<\/p>\n\n\n\n<ol style=\"list-style-type:lower-alpha\" class=\"wp-block-list\">\n<li>w celach zwi\u0105zanych z inicjowaniem kontaktu przez U\u017cytkownika \u2013 przez okres utrzymywania kontaktu z U\u017cytkownikiem lub do&nbsp;chwili cofni\u0119cia wyra\u017conej zgody;<\/li>\n\n\n\n<li>w celach marketingowych \u2013 do&nbsp;chwili wniesienia przez U\u017cytkownika uzasadnionego sprzeciwu wobec tej formy przetwarzania;<\/li>\n\n\n\n<li>w celu wype\u0142nienia obowi\u0105zk\u00f3w prawnych ci\u0105\u017c\u0105cych na Administratorze \u2013 przez okres wynikaj\u0105cy z w\u0142a\u015bciwych przepis\u00f3w;<\/li>\n<\/ol>\n\n\n\n<p><strong><strong>Jakim podmiotom Administrator przekazuje Dane?<\/strong><\/strong><\/p>\n\n\n\n<ol class=\"wp-block-list\">\n<li>Administrator mo\u017ce przekaza\u0107 Dane podmiotom trzecim, w szczeg\u00f3lno\u015bci;\n<ol style=\"list-style-type:lower-alpha\" class=\"wp-block-list\">\n<li>w\u0142a\u015bciwym organom pa\u0144stwowym \u2013 w zakresie okre\u015blonym przez powszechnie obowi\u0105zuj\u0105ce przepisy prawa;<\/li>\n\n\n\n<li>podmiotom obs\u0142uguj\u0105cym systemy teleinformatyczne Administratora (tj. firmom hostingowym, dostawcom us\u0142ug IT);<\/li>\n\n\n\n<li>podmiotom realizuj\u0105cym dzia\u0142ania marketingowe w imieniu Administratora;<\/li>\n\n\n\n<li>innym podmiotom, z kt\u00f3rymi Administrator wsp\u00f3\u0142pracuje w celu zapewnienia funkcjonowania Portalu.<\/li>\n<\/ol>\n<\/li>\n\n\n\n<li>Na Portalu mog\u0105 by\u0107 zamieszczane odno\u015bniki (linki) prowadz\u0105ce do stron zarz\u0105dzanych przez podmioty trzecie, niezale\u017cne od Administratora (np. portali spo\u0142eczno\u015bciowych). Przetwarzanie Danych na takich stronach odbywa si\u0119 na zasadach okre\u015blonych przez podmioty trzecie. Administrator nie podnosi odpowiedzialno\u015bci za przetwarzanie Danych przez takie podmioty trzecie.<\/li>\n<\/ol>\n\n\n\n<h2 class=\"wp-block-heading\">IV. PRZEKAZYWANIE DANYCH POZA OBSZAR EOG<\/h2>\n\n\n\n<p><strong><strong>Czy Dane b\u0119d\u0105 przekazywane poza EOG?<\/strong><\/strong><\/p>\n\n\n\n<ol class=\"wp-block-list\">\n<li>Administrator mo\u017ce przekazywa\u0107 Dane poza EOG, w tym do pa\u0144stw wobec kt\u00f3rych Komisja Europejska nie wyda\u0142a decyzji, o kt\u00f3rej mowa w art. 45 ust. 1 RODO.<\/li>\n\n\n\n<li>Administrator podejmuje wymagane przez RODO dzia\u0142ania w celu zapewnienia odpowiedniego stopnia ochrony Danych przetwarzanych poza EOG.<\/li>\n<\/ol>\n\n\n\n<h2 class=\"wp-block-heading\">V. PROFILOWANIE<\/h2>\n\n\n\n<p><strong><strong>Czy Administrator b\u0119dzie profilowa\u0142 Dane?<\/strong><\/strong><\/p>\n\n\n\n<p>U\u017cytkownicy nie podlegaj\u0105 profilowaniu.<\/p>\n\n\n\n<p><strong><strong>Zautomatyzowane podejmowanie decyzji<\/strong><\/strong><\/p>\n\n\n\n<p>Administrator nie b\u0119dzie wykorzystywa\u0142 Danych oraz innych informacji w celu zautomatyzowanego (tj. bez ingerencji cz\u0142owieka) podejmowania decyzji.<\/p>\n\n\n\n<h2 class=\"wp-block-heading\">VI. PRAWA U\u017bYTKOWNIK\u00d3W<\/h2>\n\n\n\n<p><strong><strong>Czy udost\u0119pnienie Danych jest dobrowolne?<\/strong><\/strong><\/p>\n\n\n\n<p>Udost\u0119pnienie Danych jest dobrowolne i nie wynika z obowi\u0105zk\u00f3w ustawowych.<\/p>\n\n\n\n<p><strong><strong>Modyfikacja Danych<\/strong><\/strong><\/p>\n\n\n\n<ol class=\"wp-block-list\">\n<li>U\u017cytkownikowi przys\u0142uguje prawo do:\n<ol style=\"list-style-type:lower-alpha\" class=\"wp-block-list\">\n<li>uzyskania informacji na temat aktualnie przetwarzanych Danych;<\/li>\n\n\n\n<li>modyfikacji (w tym sprostowania oraz zmiany) Danych;<\/li>\n\n\n\n<li>ograniczenia zakresu przetwarzania Danych;<\/li>\n\n\n\n<li>uzyskania Danych od Administratora w celu ich przekazania innemu podmiotowi;<\/li>\n<\/ol>\n<\/li>\n\n\n\n<li>U\u017cytkownik ma prawo do uzyskania kopii aktualnie przetwarzanych Danych. Administrator udost\u0119pnia Dane w formie elektronicznej, w powszechnie u\u017cywanym formacie zapisu danych. Na wniosek, Administrator mo\u017ce przekaza\u0107 tak zapisane dane innemu, wskazanemu podmiotowi.<\/li>\n<\/ol>\n\n\n\n<p><strong><strong>Cofni\u0119cie zgody na przetwarzanie Danych<\/strong><\/strong><\/p>\n\n\n\n<p>U\u017cytkownik uprawniony jest do cofni\u0119cia wszelkich zg\u00f3d, udzielonych na&nbsp;przetwarzanie Danych.<\/p>\n\n\n\n<p><strong><strong>Sprzeciw<\/strong><\/strong><\/p>\n\n\n\n<p>U\u017cytkownik, kt\u00f3rego Dane dotycz\u0105, ma prawo w dowolnym momencie wnie\u015b\u0107 sprzeciw wobec przetwarzania Danych opartego na art. 6 ust. 1 lit. b lub f RODO.<\/p>\n\n\n\n<p><strong><strong>Usuniecie Danych<\/strong><\/strong><\/p>\n\n\n\n<p>Administrator usuwa Dane, w przypadku zaistnienia nast\u0119puj\u0105cych okoliczno\u015bci:<\/p>\n\n\n\n<ol style=\"list-style-type:lower-alpha\" class=\"wp-block-list\">\n<li>Dane nie s\u0105 ju\u017c niezb\u0119dne do cel\u00f3w, w kt\u00f3rych zosta\u0142y zebrane lub w inny spos\u00f3b przetwarzane;<\/li>\n\n\n\n<li>U\u017cytkownik cofn\u0105\u0142 zgod\u0119, na kt\u00f3rej opiera si\u0119 przetwarzanie na podstawie art. 6 ust.&nbsp;1 lit. a RODO i nie ma innej podstawy prawnej przetwarzania;<\/li>\n\n\n\n<li>wniesiono uzasadniony sprzeciw wobec przetwarzania Danych;<\/li>\n\n\n\n<li>Dane by\u0142y przetwarzane niezgodnie z prawem;<\/li>\n\n\n\n<li>Dane musz\u0105 zosta\u0107 usuni\u0119te w celu wywi\u0105zania si\u0119 z obowi\u0105zku prawnego przewidzianego w&nbsp;prawie Unii lub prawie pa\u0144stwa cz\u0142onkowskiego, kt\u00f3remu podlega Administrator.<\/li>\n<\/ol>\n\n\n\n<p><strong><strong>Skarga do Administratora oraz UODO<\/strong><\/strong><\/p>\n\n\n\n<p>W przypadku, gdy Przetwarzanie narusza postanowienia RODO, U\u017cytkownik mo\u017ce wnie\u015b\u0107 skarg\u0119 do&nbsp;Administratora lub do organu nadzorczego \u2013 Prezesa UODO.<\/p>\n\n\n\n<p><strong><strong>Realizacja uprawnie\u0144<\/strong><\/strong><\/p>\n\n\n\n<p>Uprawnienia zwi\u0105zane z przetwarzaniem Danych mog\u0105 by\u0107 realizowane poprzez kontakt z&nbsp;Administratorem, w spos\u00f3b okre\u015blony w pkt. II Polityki Prywatno\u015bci.<\/p>\n\n\n\n<h2 class=\"wp-block-heading\">VII. PLIKI COOKIES<\/h2>\n\n\n\n<p><strong><strong>Pliki Cookies<\/strong><\/strong><\/p>\n\n\n\n<ol class=\"wp-block-list\">\n<li>Portal wykorzystuje Pliki Cookies.<\/li>\n\n\n\n<li>Stosowanie Plik\u00f3w Cookies umo\u017cliwia zachowanie preferencji U\u017cytkownika co do sposobu wy\u015bwietlania tre\u015bci na Portalu.<\/li>\n\n\n\n<li>Pliki Cookies przechowywane s\u0105 do czasu opuszczenia Portalu, wy\u0142\u0105czenia przegl\u0105darki internetowej lub do chwili usuni\u0119cia przez U\u017cytkownika.<\/li>\n\n\n\n<li>Przegl\u0105darki internetowe umo\u017cliwiaj\u0105 okre\u015blenie szczeg\u00f3\u0142owych zasad zapisywania i&nbsp;przechowywania Plik\u00f3w Cookies. Ka\u017cdy U\u017cytkownik mo\u017ce samodzielnie zmodyfikowa\u0107 ustawiania wykorzystywanej przegl\u0105darki w celu okre\u015blenia indywidulanych zasad zapisywania Plik\u00f3w Cookies.<\/li>\n<\/ol>\n","protected":false},"excerpt":{"rendered":"<p>W imieniu PHOTONICA S.A. informujemy, \u017ce ochrona Pa\u0144stwa danych osobowych jest dla nas bardzo wa\u017cna i&nbsp;dbamy o&nbsp;prywatno\u015b\u0107 wszystkich os\u00f3b korzystaj\u0105cych z&nbsp;naszych us\u0142ug. Zgodnie z Rozporz\u0105dzeniem Parlamentu Europejskiego i Rady (UE) 2016\/679 z dnia 27.04.2016 r. w&nbsp;sprawie ochrony os\u00f3b fizycznych w zwi\u0105zku z przetwarzaniem danych osobowych i&nbsp;w&nbsp;sprawie swobodnego przep\u0142ywu takich danych oraz uchylenia dyrektywy 95\/46\/WE (og\u00f3lne [&hellip;]<\/p>\n","protected":false},"author":1,"featured_media":0,"parent":0,"menu_order":0,"comment_status":"closed","ping_status":"closed","template":"","meta":{"inline_featured_image":false,"footnotes":""},"class_list":["post-109","page","type-page","status-publish","hentry"],"acf":[],"yoast_head":"<!-- This site is optimized with the Yoast SEO plugin v27.3 - https:\/\/yoast.com\/product\/yoast-seo-wordpress\/ -->\n<title>Polityka prywatno\u015bci - Photonica Solar<\/title>\n<meta name=\"description\" content=\"Photonica is an international manufacturer of photovoltaic components dedicated to revolutionizing traditional solar technology.\" \/>\n<meta name=\"robots\" content=\"index, follow, max-snippet:-1, max-image-preview:large, max-video-preview:-1\" \/>\n<link rel=\"canonical\" href=\"https:\/\/photonica.solar\/pl\/privacy-policy\/\" \/>\n<meta property=\"og:locale\" content=\"pl_PL\" \/>\n<meta property=\"og:type\" content=\"article\" \/>\n<meta property=\"og:title\" content=\"Polityka prywatno\u015bci - Photonica Solar\" \/>\n<meta property=\"og:description\" content=\"Photonica is an international manufacturer of photovoltaic components dedicated to revolutionizing traditional solar technology.\" \/>\n<meta property=\"og:url\" content=\"https:\/\/photonica.solar\/pl\/privacy-policy\/\" \/>\n<meta property=\"og:site_name\" content=\"Photonica Solar\" \/>\n<meta property=\"article:publisher\" content=\"https:\/\/www.facebook.com\/profile.php?id=61556258423857\" \/>\n<meta property=\"article:modified_time\" content=\"2026-02-09T16:13:25+00:00\" \/>\n<meta property=\"og:image\" content=\"https:\/\/photonica.solar\/wp-content\/uploads\/2024\/04\/ogimage2.png\" \/>\n\t<meta property=\"og:image:width\" content=\"1200\" \/>\n\t<meta property=\"og:image:height\" content=\"675\" \/>\n\t<meta property=\"og:image:type\" content=\"image\/png\" \/>\n<meta name=\"twitter:card\" content=\"summary_large_image\" \/>\n<meta name=\"twitter:label1\" content=\"Szacowany czas czytania\" \/>\n\t<meta name=\"twitter:data1\" content=\"5 minut\" \/>\n<script type=\"application\/ld+json\" class=\"yoast-schema-graph\">{\"@context\":\"https:\\\/\\\/schema.org\",\"@graph\":[{\"@type\":\"WebPage\",\"@id\":\"https:\\\/\\\/photonica.solar\\\/pl\\\/privacy-policy\\\/\",\"url\":\"https:\\\/\\\/photonica.solar\\\/pl\\\/privacy-policy\\\/\",\"name\":\"Polityka prywatno\u015bci - Photonica Solar\",\"isPartOf\":{\"@id\":\"https:\\\/\\\/photonica.solar\\\/#website\"},\"datePublished\":\"2024-03-06T19:44:45+00:00\",\"dateModified\":\"2026-02-09T16:13:25+00:00\",\"description\":\"Photonica is an international manufacturer of photovoltaic components dedicated to revolutionizing traditional solar technology.\",\"breadcrumb\":{\"@id\":\"https:\\\/\\\/photonica.solar\\\/pl\\\/privacy-policy\\\/#breadcrumb\"},\"inLanguage\":\"pl-PL\",\"potentialAction\":[{\"@type\":\"ReadAction\",\"target\":[\"https:\\\/\\\/photonica.solar\\\/pl\\\/privacy-policy\\\/\"]}]},{\"@type\":\"BreadcrumbList\",\"@id\":\"https:\\\/\\\/photonica.solar\\\/pl\\\/privacy-policy\\\/#breadcrumb\",\"itemListElement\":[{\"@type\":\"ListItem\",\"position\":1,\"name\":\"Home\",\"item\":\"https:\\\/\\\/photonica.solar\\\/pl\\\/\"},{\"@type\":\"ListItem\",\"position\":2,\"name\":\"Polityka prywatno\u015bci\"}]},{\"@type\":\"WebSite\",\"@id\":\"https:\\\/\\\/photonica.solar\\\/#website\",\"url\":\"https:\\\/\\\/photonica.solar\\\/\",\"name\":\"Photonica Solar\",\"description\":\"\",\"publisher\":{\"@id\":\"https:\\\/\\\/photonica.solar\\\/#organization\"},\"potentialAction\":[{\"@type\":\"SearchAction\",\"target\":{\"@type\":\"EntryPoint\",\"urlTemplate\":\"https:\\\/\\\/photonica.solar\\\/?s={search_term_string}\"},\"query-input\":{\"@type\":\"PropertyValueSpecification\",\"valueRequired\":true,\"valueName\":\"search_term_string\"}}],\"inLanguage\":\"pl-PL\"},{\"@type\":\"Organization\",\"@id\":\"https:\\\/\\\/photonica.solar\\\/#organization\",\"name\":\"Photonica Solar\",\"url\":\"https:\\\/\\\/photonica.solar\\\/\",\"logo\":{\"@type\":\"ImageObject\",\"inLanguage\":\"pl-PL\",\"@id\":\"https:\\\/\\\/photonica.solar\\\/#\\\/schema\\\/logo\\\/image\\\/\",\"url\":\"https:\\\/\\\/photonica.solar\\\/wp-content\\\/uploads\\\/2024\\\/04\\\/logo.png\",\"contentUrl\":\"https:\\\/\\\/photonica.solar\\\/wp-content\\\/uploads\\\/2024\\\/04\\\/logo.png\",\"width\":696,\"height\":696,\"caption\":\"Photonica Solar\"},\"image\":{\"@id\":\"https:\\\/\\\/photonica.solar\\\/#\\\/schema\\\/logo\\\/image\\\/\"},\"sameAs\":[\"https:\\\/\\\/www.facebook.com\\\/profile.php?id=61556258423857\"]}]}<\/script>\n<!-- \/ Yoast SEO plugin. -->","yoast_head_json":{"title":"Polityka prywatno\u015bci - Photonica Solar","description":"Photonica is an international manufacturer of photovoltaic components dedicated to revolutionizing traditional solar technology.","robots":{"index":"index","follow":"follow","max-snippet":"max-snippet:-1","max-image-preview":"max-image-preview:large","max-video-preview":"max-video-preview:-1"},"canonical":"https:\/\/photonica.solar\/pl\/privacy-policy\/","og_locale":"pl_PL","og_type":"article","og_title":"Polityka prywatno\u015bci - Photonica Solar","og_description":"Photonica is an international manufacturer of photovoltaic components dedicated to revolutionizing traditional solar technology.","og_url":"https:\/\/photonica.solar\/pl\/privacy-policy\/","og_site_name":"Photonica Solar","article_publisher":"https:\/\/www.facebook.com\/profile.php?id=61556258423857","article_modified_time":"2026-02-09T16:13:25+00:00","og_image":[{"width":1200,"height":675,"url":"https:\/\/photonica.solar\/wp-content\/uploads\/2024\/04\/ogimage2.png","type":"image\/png"}],"twitter_card":"summary_large_image","twitter_misc":{"Szacowany czas czytania":"5 minut"},"schema":{"@context":"https:\/\/schema.org","@graph":[{"@type":"WebPage","@id":"https:\/\/photonica.solar\/pl\/privacy-policy\/","url":"https:\/\/photonica.solar\/pl\/privacy-policy\/","name":"Polityka prywatno\u015bci - Photonica Solar","isPartOf":{"@id":"https:\/\/photonica.solar\/#website"},"datePublished":"2024-03-06T19:44:45+00:00","dateModified":"2026-02-09T16:13:25+00:00","description":"Photonica is an international manufacturer of photovoltaic components dedicated to revolutionizing traditional solar technology.","breadcrumb":{"@id":"https:\/\/photonica.solar\/pl\/privacy-policy\/#breadcrumb"},"inLanguage":"pl-PL","potentialAction":[{"@type":"ReadAction","target":["https:\/\/photonica.solar\/pl\/privacy-policy\/"]}]},{"@type":"BreadcrumbList","@id":"https:\/\/photonica.solar\/pl\/privacy-policy\/#breadcrumb","itemListElement":[{"@type":"ListItem","position":1,"name":"Home","item":"https:\/\/photonica.solar\/pl\/"},{"@type":"ListItem","position":2,"name":"Polityka prywatno\u015bci"}]},{"@type":"WebSite","@id":"https:\/\/photonica.solar\/#website","url":"https:\/\/photonica.solar\/","name":"Photonica Solar","description":"","publisher":{"@id":"https:\/\/photonica.solar\/#organization"},"potentialAction":[{"@type":"SearchAction","target":{"@type":"EntryPoint","urlTemplate":"https:\/\/photonica.solar\/?s={search_term_string}"},"query-input":{"@type":"PropertyValueSpecification","valueRequired":true,"valueName":"search_term_string"}}],"inLanguage":"pl-PL"},{"@type":"Organization","@id":"https:\/\/photonica.solar\/#organization","name":"Photonica Solar","url":"https:\/\/photonica.solar\/","logo":{"@type":"ImageObject","inLanguage":"pl-PL","@id":"https:\/\/photonica.solar\/#\/schema\/logo\/image\/","url":"https:\/\/photonica.solar\/wp-content\/uploads\/2024\/04\/logo.png","contentUrl":"https:\/\/photonica.solar\/wp-content\/uploads\/2024\/04\/logo.png","width":696,"height":696,"caption":"Photonica Solar"},"image":{"@id":"https:\/\/photonica.solar\/#\/schema\/logo\/image\/"},"sameAs":["https:\/\/www.facebook.com\/profile.php?id=61556258423857"]}]}},"_links":{"self":[{"href":"https:\/\/photonica.solar\/pl\/wp-json\/wp\/v2\/pages\/109","targetHints":{"allow":["GET"]}}],"collection":[{"href":"https:\/\/photonica.solar\/pl\/wp-json\/wp\/v2\/pages"}],"about":[{"href":"https:\/\/photonica.solar\/pl\/wp-json\/wp\/v2\/types\/page"}],"author":[{"embeddable":true,"href":"https:\/\/photonica.solar\/pl\/wp-json\/wp\/v2\/users\/1"}],"replies":[{"embeddable":true,"href":"https:\/\/photonica.solar\/pl\/wp-json\/wp\/v2\/comments?post=109"}],"version-history":[{"count":6,"href":"https:\/\/photonica.solar\/pl\/wp-json\/wp\/v2\/pages\/109\/revisions"}],"predecessor-version":[{"id":1072,"href":"https:\/\/photonica.solar\/pl\/wp-json\/wp\/v2\/pages\/109\/revisions\/1072"}],"wp:attachment":[{"href":"https:\/\/photonica.solar\/pl\/wp-json\/wp\/v2\/media?parent=109"}],"curies":[{"name":"wp","href":"https:\/\/api.w.org\/{rel}","templated":true}]}}